{"id":138,"date":"2024-04-16T16:34:14","date_gmt":"2024-04-16T16:34:14","guid":{"rendered":"https:\/\/matforsjsk.com\/?page_id=138"},"modified":"2024-05-30T12:23:26","modified_gmt":"2024-05-30T12:23:26","slug":"banor","status":"publish","type":"page","link":"https:\/\/matforsjsk.com\/?page_id=138","title":{"rendered":"Banor"},"content":{"rendered":"\n<div class=\"wp-block-group alignfull has-accent-4-background-color has-background has-global-padding is-content-justification-center is-layout-constrained wp-block-group-is-layout-constrained\" style=\"margin-top:0;margin-bottom:0;padding-top:calc( 0.5 * var(--wp--style--root--padding-right, var(--wp--custom--gap--horizontal)));padding-right:var(--wp--style--root--padding-right, var(--wp--custom--gap--horizontal));padding-bottom:calc( 0.5 * var(--wp--style--root--padding-right, var(--wp--custom--gap--horizontal)));padding-left:var(--wp--style--root--padding-left, var(--wp--custom--gap--horizontal))\">\n<p><strong>OBS! Ingen skjutning \u00e4r till\u00e5ten efter 20:00 eller f\u00f6re 9:00<\/strong><\/p>\n\n\n\n<p>Banorna \u00e4r \u00f6ppna under jourkv\u00e4llar (se Jourlista under <a href=\"https:\/\/matforsjsk.com\/?page_id=69\" data-type=\"page\" data-id=\"69\">Dokument<\/a>)<br>Banorna kan \u00e4ven bokas via bokningsansvarig (se <a href=\"https:\/\/matforsjsk.com\/?page_id=58\" data-type=\"page\" data-id=\"58\">Bokning<\/a>)<\/p>\n\n\n\n<h2 class=\"wp-block-heading\">Priser<\/h2>\n\n\n\n<p>Se <a href=\"https:\/\/matforsjsk.com\/?page_id=170\" data-type=\"page\" data-id=\"170\">Prislista<\/a><\/p>\n\n\n\n<div style=\"height:calc( 0.25 * var(--wp--style--root--padding-right, var(--wp--custom--gap--horizontal)))\" aria-hidden=\"true\" class=\"wp-block-spacer\"><\/div>\n\n\n\n<h2 class=\"wp-block-heading\" style=\"margin-top:0;margin-bottom:0\">\u00c4lgbana<\/h2>\n\n\n\n<figure class=\"wp-block-table\"><table class=\"has-border-color has-accent-5-border-color\"><tbody><tr><td><strong>Banansvariga:<\/strong><\/td><td>Simon Dahlstr\u00f6m<\/td><td>070-2922747<\/td><\/tr><tr><td><\/td><td>Mikael Widmark<\/td><td>070-3075056<\/td><\/tr><\/tbody><\/table><\/figure>\n\n\n\n<h2 class=\"wp-block-heading\">Hagelbana<\/h2>\n\n\n\n<figure class=\"wp-block-table\"><table class=\"has-border-color has-accent-5-border-color\"><tbody><tr><td><strong>Banansvariga: <\/strong><\/td><td>Rickard Lindstr\u00f6m<\/td><td>073-8418057<\/td><\/tr><tr><td><\/td><td>Emil Nordstr\u00f6m<\/td><td><\/td><\/tr><\/tbody><\/table><\/figure>\n\n\n\n<h2 class=\"wp-block-heading\">22-Bana<\/h2>\n\n\n\n<figure class=\"wp-block-table\"><table class=\"has-border-color has-accent-5-border-color\"><tbody><tr><td><strong>Banansvarig:<\/strong><\/td><td>Niklas Knutar<\/td><td>070-5936958<\/td><\/tr><\/tbody><\/table><\/figure>\n\n\n\n<p>M\u00e5ltavlor till 22-banan finns att k\u00f6pa hos <br>Niklas Knutar (070-5936958)<br>Peter Svensk (070-3430669)<\/p>\n\n\n\n<p>Materialf\u00f6rvaltare:<br>Tony Nyman (073-0865089)<\/p>\n<\/div>\n","protected":false},"excerpt":{"rendered":"<p>OBS! Ingen skjutning \u00e4r till\u00e5ten efter 20:00 eller f\u00f6re 9:00 Banorna \u00e4r \u00f6ppna under jourkv\u00e4llar (se Jourlista under Dokument)Banorna kan \u00e4ven bokas via bokningsansvarig (se Bokning) Priser Se Prislista \u00c4lgbana Banansvariga: Simon Dahlstr\u00f6m 070-2922747 Mikael Widmark 070-3075056 Hagelbana Banansvariga: Rickard Lindstr\u00f6m 073-8418057 Emil Nordstr\u00f6m 22-Bana Banansvarig: Niklas Knutar 070-5936958 M\u00e5ltavlor till 22-banan finns att k\u00f6pa [&hellip;]<\/p>\n","protected":false},"author":1,"featured_media":0,"parent":0,"menu_order":0,"comment_status":"closed","ping_status":"closed","template":"","meta":{"footnotes":""},"_links":{"self":[{"href":"https:\/\/matforsjsk.com\/index.php?rest_route=\/wp\/v2\/pages\/138"}],"collection":[{"href":"https:\/\/matforsjsk.com\/index.php?rest_route=\/wp\/v2\/pages"}],"about":[{"href":"https:\/\/matforsjsk.com\/index.php?rest_route=\/wp\/v2\/types\/page"}],"author":[{"embeddable":true,"href":"https:\/\/matforsjsk.com\/index.php?rest_route=\/wp\/v2\/users\/1"}],"replies":[{"embeddable":true,"href":"https:\/\/matforsjsk.com\/index.php?rest_route=%2Fwp%2Fv2%2Fcomments&post=138"}],"version-history":[{"count":9,"href":"https:\/\/matforsjsk.com\/index.php?rest_route=\/wp\/v2\/pages\/138\/revisions"}],"predecessor-version":[{"id":230,"href":"https:\/\/matforsjsk.com\/index.php?rest_route=\/wp\/v2\/pages\/138\/revisions\/230"}],"wp:attachment":[{"href":"https:\/\/matforsjsk.com\/index.php?rest_route=%2Fwp%2Fv2%2Fmedia&parent=138"}],"curies":[{"name":"wp","href":"https:\/\/api.w.org\/{rel}","templated":true}]}}