{"id":150,"date":"2024-04-16T16:53:37","date_gmt":"2024-04-16T16:53:37","guid":{"rendered":"https:\/\/matforsjsk.com\/?page_id=150"},"modified":"2024-05-11T20:08:33","modified_gmt":"2024-05-11T20:08:33","slug":"styrelse","status":"publish","type":"page","link":"https:\/\/matforsjsk.com\/?page_id=150","title":{"rendered":"Styrelse"},"content":{"rendered":"\n<div class=\"wp-block-group alignfull has-accent-4-background-color has-background has-global-padding is-content-justification-center is-layout-constrained wp-block-group-is-layout-constrained\" style=\"margin-top:0;margin-bottom:0;padding-top:calc( 0.5 * var(--wp--style--root--padding-right, var(--wp--custom--gap--horizontal)));padding-right:var(--wp--style--root--padding-right, var(--wp--custom--gap--horizontal));padding-bottom:calc( 0.5 * var(--wp--style--root--padding-right, var(--wp--custom--gap--horizontal)));padding-left:var(--wp--style--root--padding-left, var(--wp--custom--gap--horizontal))\">\n<p><strong>Styrelsen best\u00e5r av:<\/strong><\/p>\n\n\n\n<div class=\"wp-block-columns is-layout-flex wp-container-core-columns-is-layout-1 wp-block-columns-is-layout-flex\">\n<div class=\"wp-block-column is-layout-flow wp-block-column-is-layout-flow\" style=\"flex-basis:33.33%\">\n<p>Ordf\u00f6rande: <br>Sekreterare: <br>Kass\u00f6r: <br>Ledam\u00f6ter: <br><br>Suppleanter:<\/p>\n<\/div>\n\n\n\n<div class=\"wp-block-column is-layout-flow wp-block-column-is-layout-flow\" style=\"flex-basis:66.66%\">\n<p>Rolf Norman<br>Helen Westerlund<br>Peter Svensk<br>Rickard Lindstr\u00f6m<br>Niklas Knutar<br>Thomas Sj\u00f6l\u00e9n<br>Rikard Bergman<\/p>\n<\/div>\n<\/div>\n<\/div>\n","protected":false},"excerpt":{"rendered":"<p>Styrelsen best\u00e5r av: Ordf\u00f6rande: Sekreterare: Kass\u00f6r: Ledam\u00f6ter: Suppleanter: Rolf NormanHelen WesterlundPeter SvenskRickard Lindstr\u00f6mNiklas KnutarThomas Sj\u00f6l\u00e9nRikard Bergman<\/p>\n","protected":false},"author":1,"featured_media":0,"parent":0,"menu_order":0,"comment_status":"closed","ping_status":"closed","template":"","meta":{"footnotes":""},"_links":{"self":[{"href":"https:\/\/matforsjsk.com\/index.php?rest_route=\/wp\/v2\/pages\/150"}],"collection":[{"href":"https:\/\/matforsjsk.com\/index.php?rest_route=\/wp\/v2\/pages"}],"about":[{"href":"https:\/\/matforsjsk.com\/index.php?rest_route=\/wp\/v2\/types\/page"}],"author":[{"embeddable":true,"href":"https:\/\/matforsjsk.com\/index.php?rest_route=\/wp\/v2\/users\/1"}],"replies":[{"embeddable":true,"href":"https:\/\/matforsjsk.com\/index.php?rest_route=%2Fwp%2Fv2%2Fcomments&post=150"}],"version-history":[{"count":5,"href":"https:\/\/matforsjsk.com\/index.php?rest_route=\/wp\/v2\/pages\/150\/revisions"}],"predecessor-version":[{"id":211,"href":"https:\/\/matforsjsk.com\/index.php?rest_route=\/wp\/v2\/pages\/150\/revisions\/211"}],"wp:attachment":[{"href":"https:\/\/matforsjsk.com\/index.php?rest_route=%2Fwp%2Fv2%2Fmedia&parent=150"}],"curies":[{"name":"wp","href":"https:\/\/api.w.org\/{rel}","templated":true}]}}