{"id":170,"date":"2024-04-16T17:57:30","date_gmt":"2024-04-16T17:57:30","guid":{"rendered":"https:\/\/matforsjsk.com\/?page_id=170"},"modified":"2024-04-19T13:34:19","modified_gmt":"2024-04-19T13:34:19","slug":"prislista","status":"publish","type":"page","link":"https:\/\/matforsjsk.com\/?page_id=170","title":{"rendered":"Prislista"},"content":{"rendered":"\n<div class=\"wp-block-group alignfull has-accent-4-background-color has-background has-global-padding is-content-justification-center is-layout-constrained wp-block-group-is-layout-constrained\" style=\"margin-top:0;margin-bottom:0;padding-top:calc( 0.5 * var(--wp--style--root--padding-right, var(--wp--custom--gap--horizontal)));padding-right:var(--wp--style--root--padding-right, var(--wp--custom--gap--horizontal));padding-bottom:calc( 0.5 * var(--wp--style--root--padding-right, var(--wp--custom--gap--horizontal)));padding-left:var(--wp--style--root--padding-left, var(--wp--custom--gap--horizontal))\">\n<p>Swisha g\u00e4rna din betalning p\u00e5: 123 0303 909<\/p>\n\n\n\n<figure class=\"wp-block-table\"><table class=\"has-border-color has-accent-5-border-color\"><tbody><tr><td><\/td><td><strong>Pris<\/strong><\/td><td><strong>Info<\/strong><\/td><\/tr><tr><td>Medlemsavgift:<\/td><td>50 kr<br>200 kr<\/td><td>Ungdom (t o m 18 \u00e5r)<br>\u00d6vriga<\/td><\/tr><tr><td>\u00c4lgserie:<\/td><td>20 kr<\/td><td> per serie (4 skott)<\/td><\/tr><tr><td>\u00c4lgserie f\u00f6r medlem: <\/td><td>Gratis <\/td><td>mot uppvisande av betald medlemsavgift<\/td><\/tr><tr><td>Bj\u00f6rnpasset:<\/td><td>200 kr<br>50 kr<br>Gratis<\/td><td>Vuxen<br>Ungdom<br>Medlem<\/td><\/tr><tr><td>Hagel:<\/td><td>50 kr<\/td><td>per serie (25 duvor)<\/td><\/tr><tr><td>Hagel medlem:<\/td><td>30 kr<\/td><td>per serie (25 duvor)<\/td><\/tr><tr><td>22-\u00e4lgm\u00e5l:<\/td><td>65 kr<\/td><td>Du k\u00f6per tavlorna av <br>Niklas Knutar 070-593 69 58<br>Peter Svensk 070-343 06 69<\/td><\/tr><\/tbody><\/table><\/figure>\n<\/div>\n","protected":false},"excerpt":{"rendered":"<p>Swisha g\u00e4rna din betalning p\u00e5: 123 0303 909 Pris Info Medlemsavgift: 50 kr200 kr Ungdom (t o m 18 \u00e5r)\u00d6vriga \u00c4lgserie: 20 kr per serie (4 skott) \u00c4lgserie f\u00f6r medlem: Gratis mot uppvisande av betald medlemsavgift Bj\u00f6rnpasset: 200 kr50 krGratis VuxenUngdomMedlem Hagel: 50 kr per serie (25 duvor) Hagel medlem: 30 kr per serie (25 [&hellip;]<\/p>\n","protected":false},"author":1,"featured_media":0,"parent":0,"menu_order":0,"comment_status":"closed","ping_status":"closed","template":"","meta":{"footnotes":""},"_links":{"self":[{"href":"https:\/\/matforsjsk.com\/index.php?rest_route=\/wp\/v2\/pages\/170"}],"collection":[{"href":"https:\/\/matforsjsk.com\/index.php?rest_route=\/wp\/v2\/pages"}],"about":[{"href":"https:\/\/matforsjsk.com\/index.php?rest_route=\/wp\/v2\/types\/page"}],"author":[{"embeddable":true,"href":"https:\/\/matforsjsk.com\/index.php?rest_route=\/wp\/v2\/users\/1"}],"replies":[{"embeddable":true,"href":"https:\/\/matforsjsk.com\/index.php?rest_route=%2Fwp%2Fv2%2Fcomments&post=170"}],"version-history":[{"count":2,"href":"https:\/\/matforsjsk.com\/index.php?rest_route=\/wp\/v2\/pages\/170\/revisions"}],"predecessor-version":[{"id":189,"href":"https:\/\/matforsjsk.com\/index.php?rest_route=\/wp\/v2\/pages\/170\/revisions\/189"}],"wp:attachment":[{"href":"https:\/\/matforsjsk.com\/index.php?rest_route=%2Fwp%2Fv2%2Fmedia&parent=170"}],"curies":[{"name":"wp","href":"https:\/\/api.w.org\/{rel}","templated":true}]}}