{"id":58,"date":"2024-04-14T20:51:01","date_gmt":"2024-04-14T20:51:01","guid":{"rendered":"http:\/\/matforsjsk.com\/?page_id=58"},"modified":"2026-04-23T17:20:33","modified_gmt":"2026-04-23T17:20:33","slug":"bokning","status":"publish","type":"page","link":"https:\/\/matforsjsk.com\/?page_id=58","title":{"rendered":"Bokning"},"content":{"rendered":"\n<div class=\"wp-block-group alignfull has-accent-4-background-color has-background has-global-padding is-content-justification-center is-layout-constrained wp-block-group-is-layout-constrained\" style=\"margin-top:0;margin-bottom:0;padding-top:calc( 0.5 * var(--wp--style--root--padding-right, var(--wp--custom--gap--horizontal)));padding-right:var(--wp--style--root--padding-right, var(--wp--custom--gap--horizontal));padding-bottom:calc( 0.5 * var(--wp--style--root--padding-right, var(--wp--custom--gap--horizontal)));padding-left:var(--wp--style--root--padding-left, var(--wp--custom--gap--horizontal))\">\n<div class=\"wp-block-group has-global-padding is-layout-constrained wp-block-group-is-layout-constrained\">\n<p>Bokning sker via bokningsansvarige Lennart Wistr\u00f6m 070-340 86 96<\/p>\n\n\n\n<p>F\u00f6ljande datum \u00e4r bokade:<\/p>\n\n\n\n<div class=\"wp-block-columns is-layout-flex wp-container-core-columns-is-layout-4 wp-block-columns-is-layout-flex\">\n<div class=\"wp-block-column is-layout-flow wp-block-column-is-layout-flow\" style=\"flex-basis:100%\">\n<div class=\"wp-block-columns is-layout-flex wp-container-core-columns-is-layout-3 wp-block-columns-is-layout-flex\">\n<div class=\"wp-block-column is-layout-flow wp-block-column-is-layout-flow\" style=\"flex-basis:100%\">\n<div class=\"wp-block-group is-nowrap is-layout-flex wp-container-core-group-is-layout-1 wp-block-group-is-layout-flex\">\n<div class=\"wp-block-columns is-layout-flex wp-container-core-columns-is-layout-2 wp-block-columns-is-layout-flex\">\n<div class=\"wp-block-column is-layout-flow wp-block-column-is-layout-flow\" style=\"flex-basis:100%\">\n<div class=\"wp-block-columns is-layout-flex wp-container-core-columns-is-layout-1 wp-block-columns-is-layout-flex\">\n<div class=\"wp-block-column is-layout-flow wp-block-column-is-layout-flow\" style=\"flex-basis:100%\">\n<figure class=\"wp-block-table alignleft is-style-stripes\"><table class=\"has-base-background-color has-background\"><tbody><tr><td><strong>Datum<\/strong><\/td><td><strong>Bokat tider<\/strong><\/td><td><strong>Namn<\/strong><\/td><td><strong>\u00c4lg<\/strong><\/td><td><strong>Trapp<\/strong><\/td><td><strong>22&#8243;<\/strong><\/td><td><strong>Stuga<\/strong><\/td><\/tr><tr><td>26-05-16<\/td><td>Hela dagen<\/td><td>Arbetsdag<\/td><td>1<\/td><td>1<\/td><td>1<\/td><td>1<\/td><\/tr><tr><td>26-05-24<\/td><td>09:00-16:00<\/td><td>Usland<\/td><td>1<\/td><td>1<\/td><td>1<\/td><td>1<\/td><\/tr><tr><td>26-05-30<\/td><td>09:00-16:00<\/td><td>Tuna nv vvo<\/td><td>1<\/td><td>1<\/td><td>1<\/td><td>1<\/td><\/tr><tr><td>26-05-16<\/td><td>09:00-16:00<\/td><td>Lindsj\u00f6<\/td><td>1<\/td><td><\/td><td><\/td><td><\/td><\/tr><tr><td>26-06-22<\/td><td>16:00-20:00<\/td><td>Fjolsta<\/td><td>1<\/td><td><\/td><td><\/td><td><\/td><\/tr><tr><td>26-06-24<\/td><td>16:00-20:00<\/td><td>Skedvik<\/td><td>1<\/td><td><\/td><td><\/td><td><\/td><\/tr><tr><td>26-08-15<\/td><td>12:00-16:00<\/td><td>Tuna nv vvo<\/td><td>1<\/td><td>1<\/td><td>1<\/td><td>1<\/td><\/tr><tr><td>26-08-16<\/td><td>12:00-16:00<\/td><td>Karl\u00e4ng<\/td><td>1<\/td><td><\/td><td><\/td><td><\/td><\/tr><tr><td>26-08-22<\/td><td>09:00-12:00<\/td><td>Specksta<\/td><td>1<\/td><td><\/td><td><\/td><td><\/td><\/tr><tr><td>26-08-24<\/td><td>17:00-20_00<\/td><td>Mellang\u00e5rd<\/td><td>1<\/td><td><\/td><td><\/td><td><\/td><\/tr><tr><td>26-10-03<\/td><td>09:00-12:00<\/td><td>Tuna nv vvo<\/td><td>1<\/td><td><\/td><td><\/td><td><\/td><\/tr><tr><td><\/td><td><\/td><td><\/td><td><\/td><td><\/td><td><\/td><td><\/td><\/tr><\/tbody><\/table><\/figure>\n<\/div>\n<\/div>\n<\/div>\n<\/div>\n<\/div>\n<\/div>\n<\/div>\n<\/div>\n<\/div>\n<\/div>\n<\/div>\n","protected":false},"excerpt":{"rendered":"<p>Bokning sker via bokningsansvarige Lennart Wistr\u00f6m 070-340 86 96 F\u00f6ljande datum \u00e4r bokade: Datum Bokat tider Namn \u00c4lg Trapp 22&#8243; Stuga 26-05-16 Hela dagen Arbetsdag 1 1 1 1 26-05-24 09:00-16:00 Usland 1 1 1 1 26-05-30 09:00-16:00 Tuna nv vvo 1 1 1 1 26-05-16 09:00-16:00 Lindsj\u00f6 1 26-06-22 16:00-20:00 Fjolsta 1 26-06-24 16:00-20:00 [&hellip;]<\/p>\n","protected":false},"author":1,"featured_media":0,"parent":0,"menu_order":0,"comment_status":"closed","ping_status":"closed","template":"","meta":{"footnotes":""},"_links":{"self":[{"href":"https:\/\/matforsjsk.com\/index.php?rest_route=\/wp\/v2\/pages\/58"}],"collection":[{"href":"https:\/\/matforsjsk.com\/index.php?rest_route=\/wp\/v2\/pages"}],"about":[{"href":"https:\/\/matforsjsk.com\/index.php?rest_route=\/wp\/v2\/types\/page"}],"author":[{"embeddable":true,"href":"https:\/\/matforsjsk.com\/index.php?rest_route=\/wp\/v2\/users\/1"}],"replies":[{"embeddable":true,"href":"https:\/\/matforsjsk.com\/index.php?rest_route=%2Fwp%2Fv2%2Fcomments&post=58"}],"version-history":[{"count":92,"href":"https:\/\/matforsjsk.com\/index.php?rest_route=\/wp\/v2\/pages\/58\/revisions"}],"predecessor-version":[{"id":381,"href":"https:\/\/matforsjsk.com\/index.php?rest_route=\/wp\/v2\/pages\/58\/revisions\/381"}],"wp:attachment":[{"href":"https:\/\/matforsjsk.com\/index.php?rest_route=%2Fwp%2Fv2%2Fmedia&parent=58"}],"curies":[{"name":"wp","href":"https:\/\/api.w.org\/{rel}","templated":true}]}}