{"id":8,"date":"2024-02-26T17:20:40","date_gmt":"2024-02-26T17:20:40","guid":{"rendered":"http:\/\/matforsjsk.wordpress.com\/?page_id=1"},"modified":"2024-04-16T17:19:28","modified_gmt":"2024-04-16T17:19:28","slug":"about","status":"publish","type":"page","link":"https:\/\/matforsjsk.com\/?page_id=8","title":{"rendered":"Om oss"},"content":{"rendered":"\n<div class=\"wp-block-group alignfull has-accent-4-background-color has-background has-global-padding is-content-justification-center is-layout-constrained wp-block-group-is-layout-constrained\" style=\"margin-top:0;margin-bottom:0;padding-top:calc( 0.5 * var(--wp--style--root--padding-right, var(--wp--custom--gap--horizontal)));padding-right:var(--wp--style--root--padding-right, var(--wp--custom--gap--horizontal));padding-bottom:calc( 0.5 * var(--wp--style--root--padding-right, var(--wp--custom--gap--horizontal)));padding-left:var(--wp--style--root--padding-left, var(--wp--custom--gap--horizontal))\">\n<div class=\"wp-block-group has-global-padding is-layout-constrained wp-block-group-is-layout-constrained\">\n<p>Matfors Jaktskytteklubb har till \u00e4ndam\u00e5l att fr\u00e4mja utbildning och spridande av kunskap om viltv\u00e5rd, jakt- och sportskytte.<\/p>\n\n\n\n<h2 class=\"wp-block-heading\">Hitta hit<\/h2>\n\n\n\n<p>V\u00e5r skjutbana finns i Sk\u00f6le<\/p>\n\n\n\n<p><a href=\"https:\/\/maps.app.goo.gl\/3AXWVbGsmMQ7p2iy8\">https:\/\/maps.app.goo.gl\/3AXWVbGsmMQ7p2iy8<\/a><\/p>\n<\/div>\n<\/div>\n","protected":false},"excerpt":{"rendered":"<p>Matfors Jaktskytteklubb har till \u00e4ndam\u00e5l att fr\u00e4mja utbildning och spridande av kunskap om viltv\u00e5rd, jakt- och sportskytte. Hitta hit V\u00e5r skjutbana finns i Sk\u00f6le https:\/\/maps.app.goo.gl\/3AXWVbGsmMQ7p2iy8<\/p>\n","protected":false},"author":1,"featured_media":0,"parent":0,"menu_order":0,"comment_status":"closed","ping_status":"open","template":"","meta":{"footnotes":""},"_links":{"self":[{"href":"https:\/\/matforsjsk.com\/index.php?rest_route=\/wp\/v2\/pages\/8"}],"collection":[{"href":"https:\/\/matforsjsk.com\/index.php?rest_route=\/wp\/v2\/pages"}],"about":[{"href":"https:\/\/matforsjsk.com\/index.php?rest_route=\/wp\/v2\/types\/page"}],"author":[{"embeddable":true,"href":"https:\/\/matforsjsk.com\/index.php?rest_route=\/wp\/v2\/users\/1"}],"replies":[{"embeddable":true,"href":"https:\/\/matforsjsk.com\/index.php?rest_route=%2Fwp%2Fv2%2Fcomments&post=8"}],"version-history":[{"count":2,"href":"https:\/\/matforsjsk.com\/index.php?rest_route=\/wp\/v2\/pages\/8\/revisions"}],"predecessor-version":[{"id":164,"href":"https:\/\/matforsjsk.com\/index.php?rest_route=\/wp\/v2\/pages\/8\/revisions\/164"}],"wp:attachment":[{"href":"https:\/\/matforsjsk.com\/index.php?rest_route=%2Fwp%2Fv2%2Fmedia&parent=8"}],"curies":[{"name":"wp","href":"https:\/\/api.w.org\/{rel}","templated":true}]}}